{"id":50,"date":"2026-02-08T12:21:29","date_gmt":"2026-02-08T12:21:29","guid":{"rendered":"https:\/\/bennowest.de\/?page_id=50"},"modified":"2026-02-08T16:06:10","modified_gmt":"2026-02-08T16:06:10","slug":"ich-hasse-dass-ich-dich-liebe","status":"publish","type":"page","link":"https:\/\/bennowest.de\/?page_id=50","title":{"rendered":"Ich hasse, dass ich Dich liebe"},"content":{"rendered":"<p data-start=\"172\" data-end=\"350\">\u201eIch hasse, dass ich dich liebe\u201c ist ein Lied \u00fcber N\u00e4he, die weh tut, \u00fcber Hoffnung, die immer wieder aufflammt, und \u00fcber das innere Hin und Her zwischen Wunsch und Selbstschutz.<\/p>\n<p data-start=\"352\" data-end=\"653\">Der Song erz\u00e4hlt von einer Beziehung, die gepr\u00e4gt ist von Versprechen, Warten und Entt\u00e4uschung. Von dem Versuch, sich nicht mehr zu verlieren, obwohl eine tiefe emotionale Bindung besteht. Die Worte beschreiben Gef\u00fchle, die zwischen Sehnsucht, Misstrauen und dem Wunsch nach Verl\u00e4sslichkeit schwanken.<\/p>\n<p data-start=\"655\" data-end=\"927\">Im Zentrum steht die besondere Schwere einer Mutter-Kind-Beziehung, die br\u00fcchig ist und dennoch bleibt. Die Unm\u00f6glichkeit, jemanden loszulassen, der Teil der eigenen Geschichte ist. Und der leise, aber wichtige Schritt, sich selbst ernster zu nehmen und Grenzen zu setzen.<\/p>\n<hr data-start=\"929\" data-end=\"932\" \/>\n<h3 data-start=\"789\" data-end=\"806\">Jetzt anh\u00f6ren auf:<\/h3>\n<p data-start=\"808\" data-end=\"843\"><a href=\"https:\/\/open.spotify.com\/intl-de\/track\/1Q2f9tbKosqgjUaDl3jTek\">Spotify<\/a><\/p>\n<p><a href=\"https:\/\/music.apple.com\/us\/song\/ich-hasse-dass-ich-dich-liebe\/1874503565\">Apple Music<\/a><\/p>\n<p><a href=\"https:\/\/music.amazon.de\/albums\/B0GLDZJGDD?marketplaceId=A1PA6795UKMFR9&amp;musicTerritory=DE&amp;ref=dm_sh_kWF5PMvH4I9qwZevlobqgdl4s&amp;trackAsin=B0GLFQ476C\">Amazon Music<\/a><br \/>\n<br data-start=\"897\" data-end=\"900\" \/><a href=\"https:\/\/youtu.be\/wOpyY1JjsPU?si=b_DUooqNM3yFgBkJ\">YouTube<\/a><br \/>\n<iframe loading=\"lazy\" title=\"YouTube video player\" src=\"https:\/\/www.youtube.com\/embed\/wOpyY1JjsPU?si=cR1JVMLalbrKMg5o\" width=\"560\" height=\"315\" frameborder=\"0\" allowfullscreen=\"allowfullscreen\"><\/iframe><\/p>\n<hr \/>\n<blockquote>\n<p data-start=\"926\" data-end=\"960\">Der Text zum Song:<\/p>\n<p>Du schreibst mir: \u201eHey, wie geht\u2019s dir?\u201c<br \/>\nUnd ich wei\u00df nicht, was ich f\u00fchl<br \/>\nIch freu mich kurz<br \/>\nUnd dann kommt direkt die Angst dazu<\/p>\n<p>Ich sag mir: Erwart nix, bleib cool<br \/>\nDoch mein Herz h\u00f6rt da nicht zu<br \/>\nEin Teil von mir will dich sehen<br \/>\nDer andere wei\u00df genau, wie das endet<\/p>\n<p>Du sagst so oft: \u201eDiesmal wirklich\u201c<br \/>\nUnd ich will dir glauben, jedes Mal<br \/>\nDoch deine Worte sind schneller weg<br \/>\nAls ich mich sch\u00fctzen kann<\/p>\n<p>Ich hasse, dass ich dich liebe<br \/>\nDass ich dir immer noch glaub<br \/>\nDass mein Herz jedes Mal hofft<br \/>\nObwohl es wei\u00df, wie das ausgeht<\/p>\n<p>Ich hasse, dass ich dich liebe<br \/>\nDass dein \u201eVielleicht\u201c mir reicht<br \/>\nDu versprichst mir die Welt<br \/>\nUnd l\u00e4sst mich dann allein<\/p>\n<p>Wir treffen uns, du bist ganz nett<br \/>\nSagst, du hast jetzt alles im Griff<br \/>\nDu redest viel von morgen<br \/>\nAber heute z\u00e4hlt irgendwie nicht<\/p>\n<p>Du sagst: \u201eIch meld mich, versprochen\u201c<br \/>\nUnd ich warte, viel zu lang<br \/>\nCheck mein Handy hundertmal<br \/>\nUnd f\u00fchl mich wieder dumm dabei<\/p>\n<p>Ich brauch keine gro\u00dfen Worte<br \/>\nKein Drama, kein Theater<br \/>\nIch brauch nur eins:<br \/>\nDass du das h\u00e4ltst, was du sagst<\/p>\n<p>Ich hasse, dass ich dich liebe<br \/>\nWeil Hoffnung bei dir weh tut<br \/>\nWeil ich immer wieder falle<br \/>\nWenn ich dir zu nah komm<\/p>\n<p>Ich hasse, dass ich dich liebe<br \/>\nWeil du mir so fehlst<br \/>\nUnd ich trotzdem wei\u00df<br \/>\nDass ich dir nicht trauen kann<\/p>\n<p>Du bist meine Mutter<br \/>\nEgal, wie kaputt das klingt<br \/>\nUnd genau das macht es schwer<br \/>\nWeil man so jemanden nicht einfach vergisst<\/p>\n<p>Ich seh andere mit ihren M\u00fcttern<br \/>\nUnd frag mich: Warum nicht ich?<br \/>\nWarum f\u00fchlt sich N\u00e4he bei dir<br \/>\nImmer an wie Risiko?<\/p>\n<p>Ich w\u00e4r so gern egal<br \/>\nDann w\u00e4r\u2019s einfacher<br \/>\nAber du bist ein Teil von mir<br \/>\nOb ich will oder nicht<\/p>\n<p>Ich hasse, dass ich dich liebe<br \/>\nAber ich lern langsam dazu<br \/>\nIch h\u00f6r mehr auf mich<br \/>\nUnd weniger auf dich<\/p>\n<p>Ich hasse, dass ich dich liebe<br \/>\nDoch ich geh nicht mehr kaputt<br \/>\nIch bleib bei denen, die bleiben<br \/>\nAuch wenn du\u2019s nicht tust<\/p>\n<p>Vielleicht kommst du irgendwann an<br \/>\nVielleicht auch nicht<br \/>\nIch h\u00f6r auf zu warten<br \/>\nUnd fang an, mich zu sch\u00fctzen<\/p><\/blockquote>\n","protected":false},"excerpt":{"rendered":"<p>\u201eIch hasse, dass ich dich liebe\u201c ist ein Lied \u00fcber N\u00e4he, die weh tut, \u00fcber Hoffnung, die immer wieder aufflammt, [&hellip;]<\/p>\n","protected":false},"author":1,"featured_media":0,"parent":11,"menu_order":1,"comment_status":"closed","ping_status":"closed","template":"","meta":{"site-sidebar-layout":"default","site-content-layout":"","ast-site-content-layout":"default","site-content-style":"default","site-sidebar-style":"default","ast-global-header-display":"","ast-banner-title-visibility":"","ast-main-header-display":"","ast-hfb-above-header-display":"","ast-hfb-below-header-display":"","ast-hfb-mobile-header-display":"","site-post-title":"","ast-breadcrumbs-content":"","ast-featured-img":"","footer-sml-layout":"","ast-disable-related-posts":"","theme-transparent-header-meta":"default","adv-header-id-meta":"","stick-header-meta":"","header-above-stick-meta":"","header-main-stick-meta":"","header-below-stick-meta":"","astra-migrate-meta-layouts":"set","ast-page-background-enabled":"default","ast-page-background-meta":{"desktop":{"background-color":"var(--ast-global-color-5)","background-image":"","background-repeat":"repeat","background-position":"center center","background-size":"auto","background-attachment":"scroll","background-type":"","background-media":"","overlay-type":"","overlay-color":"","overlay-opacity":"","overlay-gradient":""},"tablet":{"background-color":"","background-image":"","background-repeat":"repeat","background-position":"center center","background-size":"auto","background-attachment":"scroll","background-type":"","background-media":"","overlay-type":"","overlay-color":"","overlay-opacity":"","overlay-gradient":""},"mobile":{"background-color":"","background-image":"","background-repeat":"repeat","background-position":"center center","background-size":"auto","background-attachment":"scroll","background-type":"","background-media":"","overlay-type":"","overlay-color":"","overlay-opacity":"","overlay-gradient":""}},"ast-content-background-meta":{"desktop":{"background-color":"var(--ast-global-color-4)","background-image":"","background-repeat":"repeat","background-position":"center center","background-size":"auto","background-attachment":"scroll","background-type":"","background-media":"","overlay-type":"","overlay-color":"","overlay-opacity":"","overlay-gradient":""},"tablet":{"background-color":"var(--ast-global-color-4)","background-image":"","background-repeat":"repeat","background-position":"center center","background-size":"auto","background-attachment":"scroll","background-type":"","background-media":"","overlay-type":"","overlay-color":"","overlay-opacity":"","overlay-gradient":""},"mobile":{"background-color":"var(--ast-global-color-4)","background-image":"","background-repeat":"repeat","background-position":"center center","background-size":"auto","background-attachment":"scroll","background-type":"","background-media":"","overlay-type":"","overlay-color":"","overlay-opacity":"","overlay-gradient":""}},"footnotes":""},"class_list":["post-50","page","type-page","status-publish","hentry"],"_links":{"self":[{"href":"https:\/\/bennowest.de\/index.php?rest_route=\/wp\/v2\/pages\/50","targetHints":{"allow":["GET"]}}],"collection":[{"href":"https:\/\/bennowest.de\/index.php?rest_route=\/wp\/v2\/pages"}],"about":[{"href":"https:\/\/bennowest.de\/index.php?rest_route=\/wp\/v2\/types\/page"}],"author":[{"embeddable":true,"href":"https:\/\/bennowest.de\/index.php?rest_route=\/wp\/v2\/users\/1"}],"replies":[{"embeddable":true,"href":"https:\/\/bennowest.de\/index.php?rest_route=%2Fwp%2Fv2%2Fcomments&post=50"}],"version-history":[{"count":2,"href":"https:\/\/bennowest.de\/index.php?rest_route=\/wp\/v2\/pages\/50\/revisions"}],"predecessor-version":[{"id":62,"href":"https:\/\/bennowest.de\/index.php?rest_route=\/wp\/v2\/pages\/50\/revisions\/62"}],"up":[{"embeddable":true,"href":"https:\/\/bennowest.de\/index.php?rest_route=\/wp\/v2\/pages\/11"}],"wp:attachment":[{"href":"https:\/\/bennowest.de\/index.php?rest_route=%2Fwp%2Fv2%2Fmedia&parent=50"}],"curies":[{"name":"wp","href":"https:\/\/api.w.org\/{rel}","templated":true}]}}