{"id":262,"date":"2026-03-16T09:58:51","date_gmt":"2026-03-16T09:58:51","guid":{"rendered":"https:\/\/bennowest.de\/?page_id=262"},"modified":"2026-03-16T11:50:41","modified_gmt":"2026-03-16T11:50:41","slug":"unsichtbar-laut-based-on-an-ideal-of-ralf-neier","status":"publish","type":"page","link":"https:\/\/bennowest.de\/?page_id=262","title":{"rendered":"Unsichtbar laut &#8211; based on an idea of Ralf Neier"},"content":{"rendered":"\r\n\r\n\r\n<p data-start=\"20\" data-end=\"241\">\u201eUnsichtbar laut\u201c erz\u00e4hlt von einer Realit\u00e4t, die viele Menschen nicht sehen \u2013 oder nicht sehen wollen: dem inneren Kampf von Kindern und Jugendlichen mit unsichtbaren Beeintr\u00e4chtigungen, insbesondere im Kontext von FASD.<\/p>\r\n<p>&nbsp;<\/p>\r\n<p data-start=\"243\" data-end=\"715\">Von au\u00dfen wirken sie oft klug, charmant und reflektiert. Viele sagen dann schnell: \u201eDer kommt doch klar.\u201c Doch hinter dieser Fassade k\u00e4mpfen\u00a0manche t\u00e4glich mit einem Chaos im Kopf, das f\u00fcr andere unsichtbar bleibt. Entscheidungen, Impulse und Konsequenzen folgen nicht den<img loading=\"lazy\" decoding=\"async\" class=\"alignright size-medium wp-image-273\" src=\"https:\/\/bennowest.de\/wp-content\/uploads\/2026\/03\/Unsichtbar-laut-Cover-Web-1-296x300.jpg\" alt=\"\" width=\"296\" height=\"300\" srcset=\"https:\/\/bennowest.de\/wp-content\/uploads\/2026\/03\/Unsichtbar-laut-Cover-Web-1-296x300.jpg 296w, https:\/\/bennowest.de\/wp-content\/uploads\/2026\/03\/Unsichtbar-laut-Cover-Web-1.jpg 641w\" sizes=\"auto, (max-width: 296px) 100vw, 296px\" \/> Regeln, die unsere Gesellschaft als selbstverst\u00e4ndlich voraussetzt. Was f\u00fcr A<span style=\"font-size: 16px;\">u\u00dfenstehende logisch erscheint, kann sich f\u00fcr Betroffene wie ein Labyrinth anf\u00fchlen.<\/span><\/p>\r\n<p><span style=\"font-size: 16px;\">Der Song greift genau diese Spannung auf: die Diskrepanz zwischen dem Bild, das andere sehen, und der Realit\u00e4t, die Familien, Pflegeeltern und Betroffene jeden Tag erleben. Zwischen Akten, Paragrafen und gut gemeinten Meinungen stehen Menschen, die l\u00e4ngst wissen, wie schnell aus Freiheit \u00dcberforderung und aus \u00dcberforderung eine Krise werden kann.<\/span><\/p>\r\n<p data-start=\"1105\" data-end=\"1323\">Inspiriert wurde der Liedtext durch einen Social-Media-Beitrag meines Freundes und Mentors <strong data-start=\"1196\" data-end=\"1210\">Ralf Neier<\/strong>, dessen Gedanken und Erfahrungen mich dazu bewegten, diese Gef\u00fchle und Beobachtungen in Musik zu \u00fcbersetzen.<\/p>\r\n<p data-start=\"1325\" data-end=\"1614\">\u201eUnsichtbar laut\u201c ist deshalb mehr als nur ein Song.<br data-start=\"1377\" data-end=\"1380\" \/>Er ist ein Aufruf, genauer hinzusehen. Ein Pl\u00e4doyer f\u00fcr Schutz statt Absturz, f\u00fcr Verst\u00e4ndnis statt vorschneller Urteile und f\u00fcr eine Gesellschaft, die auch die Herausforderungen erkennt, die man nicht auf den ersten Blick sehen kann.<\/p>\r\n<p data-start=\"1616\" data-end=\"1701\" data-is-last-node=\"\" data-is-only-node=\"\">Denn manchmal m\u00fcssen Stimmen laut werden, damit endlich jemand hinsieht und versteht.<\/p>\r\n<p data-start=\"808\" data-end=\"998\" data-is-last-node=\"\" data-is-only-node=\"\">\u00a0<\/p>\r\n<h3 data-start=\"789\" data-end=\"806\">Jetzt anh\u00f6ren auf:<\/h3>\r\n<p data-start=\"808\" data-end=\"843\"><a href=\"https:\/\/open.spotify.com\/intl-de\/album\/2KFU0xEjecsq1n12ieJGyT?si=LxRpwWtfQcSY1xnvqDIaXA\">Spotify<\/a><\/p>\r\n<p data-start=\"808\" data-end=\"843\"><a href=\"https:\/\/music.apple.com\/us\/album\/unsichtbar-laut-based-on-an-ideal-of-ralf-neier-single\/1885502318\">Apple Music<\/a><\/p>\r\n<p data-start=\"808\" data-end=\"843\"><a href=\"https:\/\/music.amazon.de\/albums\/B0GSQZS4L1?marketplaceId=A1PA6795UKMFR9&amp;musicTerritory=DE&amp;ref=dm_sh_lUgXMez3F9UjC2OSL4k4HfW7q\">Amazon Music<\/a><\/p>\r\n<p data-start=\"808\" data-end=\"843\"><a href=\"https:\/\/youtu.be\/8NVdC5nvHeE?si=TWtUPTJvRmFqi1n0\">YouTube<\/a><\/p>\r\n<p><iframe loading=\"lazy\" title=\"YouTube video player\" src=\"https:\/\/www.youtube.com\/embed\/8NVdC5nvHeE?si=9OdK3YB2ofRBovM-\" width=\"560\" height=\"315\" frameborder=\"0\" allowfullscreen=\"allowfullscreen\"><\/iframe><\/p>\r\n<hr \/>\r\n<blockquote>\r\n<p data-start=\"926\" data-end=\"960\">Der Text zum Song:<\/p>\r\n<p>Siebzehn Jahre, Kopf voller Worte<br \/>Alle sagen: \u201eDer kommt doch klar\u201c<br \/>Charmant, klug, reflektiert<br \/>Doch keiner sieht, was unsichtbar war<\/p>\r\n<p>Ein Monat Alltag zeigt die Wahrheit<br \/>Freiheit brennt wie Benzin<br \/>Wenn dein Gehirn dir Streiche spielt<br \/>Und Konsequenzen im Nebel zieh\u2019n<\/p>\r\n<p>Sie sagen:<br \/>\u201eLass ihn erst fallen, dann reden wir dr\u00fcber\u201c<br \/>Doch wir stehen daneben und wissen genau<br \/>Der Abgrund wartet schon<\/p>\r\n<p>Unsichtbar \u2013 aber laut in meinem Kopf<br \/>Unsichtbar \u2013 doch es h\u00f6rt niemals auf<br \/>Ihr seht nur Worte, ihr h\u00f6rt nur Verstand<br \/>Doch das Chaos rennt gegen jede Wand<\/p>\r\n<p>Unsichtbar \u2013 wir schreien es raus<br \/>Schutz bevor alles auseinanderkracht<br \/>Wir sind laut, freundlich, unbequem<br \/>Bis endlich jemand hinsieht und versteht<\/p>\r\n<p>Akten auf dem Tisch, viele Meinungen<br \/>\u201eRechte erst einschr\u00e4nken wenn etwas passiert\u201c<br \/>Doch wir haben N\u00e4chte gez\u00e4hlt<br \/>Und Katastrophen schon oft ausprobiert<\/p>\r\n<p>Keine Paragrafen, keine Theorie<br \/>Nur Geschichten aus echtem Leben<br \/>Von Angst, von Hoffnung, kleinen Siegen<br \/>Und dem Mut nicht aufzugeben<\/p>\r\n<p>Und pl\u00f6tzlich wird es still im Raum<br \/>Wenn Wahrheit keine Akten braucht<br \/>Nur ein Herz das laut genug schl\u00e4gt<\/p>\r\n<p>Unsichtbar \u2013 aber laut in meinem Kopf<br \/>Unsichtbar \u2013 doch es h\u00f6rt niemals auf<br \/>Ihr seht nur Worte, ihr h\u00f6rt nur Verstand<br \/>Doch das Chaos rennt gegen jede Wand<\/p>\r\n<p>Unsichtbar \u2013 wir schreien es raus<br \/>Schutz bevor alles auseinanderkracht<br \/>Wir sind laut, freundlich, unbequem<br \/>Bis endlich jemand hinsieht und versteht<\/p>\r\n<p>Wir dachten alle mal<br \/>Wir h\u00e4tten es l\u00e4ngst kapiert<br \/>Bis jemand kam<br \/>Der uns Geduld gelehrt<\/p>\r\n<p>Ahnung ist nur der Anfang<br \/>Verstehen ist der Weg<br \/>Und wir gehen weiter<br \/>Auch wenn der Wind uns schl\u00e4gt<\/p>\r\n<p>Nicht aufh\u00f6ren zu reden<br \/>Nicht aufh\u00f6ren zu steh\u2019n<br \/>Nicht aufh\u00f6ren zu k\u00e4mpfen<br \/>Bis sie wirklich versteh\u2019n<\/p>\r\n<p>Unsichtbar \u2013 doch wir werden nicht leise<br \/>Unsichtbar \u2013 doch wir geben nicht auf<br \/>Wir stehen auf morgen<br \/>Und morgen wieder auch<\/p>\r\n<p>F\u00fcr Schutz statt Absturz<br \/>F\u00fcr W\u00fcrde statt Kampf<br \/>F\u00fcr jedes Leben<br \/>Das sonst keiner verstand<\/p>\r\n<\/blockquote>\r\n","protected":false},"excerpt":{"rendered":"<p>\u201eUnsichtbar laut\u201c erz\u00e4hlt von einer Realit\u00e4t, die viele Menschen nicht sehen \u2013 oder nicht sehen wollen: dem inneren Kampf von [&hellip;]<\/p>\n","protected":false},"author":1,"featured_media":0,"parent":14,"menu_order":0,"comment_status":"closed","ping_status":"closed","template":"","meta":{"site-sidebar-layout":"default","site-content-layout":"","ast-site-content-layout":"default","site-content-style":"default","site-sidebar-style":"default","ast-global-header-display":"","ast-banner-title-visibility":"","ast-main-header-display":"","ast-hfb-above-header-display":"","ast-hfb-below-header-display":"","ast-hfb-mobile-header-display":"","site-post-title":"","ast-breadcrumbs-content":"","ast-featured-img":"","footer-sml-layout":"","ast-disable-related-posts":"","theme-transparent-header-meta":"default","adv-header-id-meta":"","stick-header-meta":"","header-above-stick-meta":"","header-main-stick-meta":"","header-below-stick-meta":"","astra-migrate-meta-layouts":"set","ast-page-background-enabled":"default","ast-page-background-meta":{"desktop":{"background-color":"var(--ast-global-color-5)","background-image":"","background-repeat":"repeat","background-position":"center center","background-size":"auto","background-attachment":"scroll","background-type":"","background-media":"","overlay-type":"","overlay-color":"","overlay-opacity":"","overlay-gradient":""},"tablet":{"background-color":"","background-image":"","background-repeat":"repeat","background-position":"center center","background-size":"auto","background-attachment":"scroll","background-type":"","background-media":"","overlay-type":"","overlay-color":"","overlay-opacity":"","overlay-gradient":""},"mobile":{"background-color":"","background-image":"","background-repeat":"repeat","background-position":"center center","background-size":"auto","background-attachment":"scroll","background-type":"","background-media":"","overlay-type":"","overlay-color":"","overlay-opacity":"","overlay-gradient":""}},"ast-content-background-meta":{"desktop":{"background-color":"var(--ast-global-color-4)","background-image":"","background-repeat":"repeat","background-position":"center center","background-size":"auto","background-attachment":"scroll","background-type":"","background-media":"","overlay-type":"","overlay-color":"","overlay-opacity":"","overlay-gradient":""},"tablet":{"background-color":"var(--ast-global-color-4)","background-image":"","background-repeat":"repeat","background-position":"center center","background-size":"auto","background-attachment":"scroll","background-type":"","background-media":"","overlay-type":"","overlay-color":"","overlay-opacity":"","overlay-gradient":""},"mobile":{"background-color":"var(--ast-global-color-4)","background-image":"","background-repeat":"repeat","background-position":"center center","background-size":"auto","background-attachment":"scroll","background-type":"","background-media":"","overlay-type":"","overlay-color":"","overlay-opacity":"","overlay-gradient":""}},"footnotes":""},"class_list":["post-262","page","type-page","status-publish","hentry"],"_links":{"self":[{"href":"https:\/\/bennowest.de\/index.php?rest_route=\/wp\/v2\/pages\/262","targetHints":{"allow":["GET"]}}],"collection":[{"href":"https:\/\/bennowest.de\/index.php?rest_route=\/wp\/v2\/pages"}],"about":[{"href":"https:\/\/bennowest.de\/index.php?rest_route=\/wp\/v2\/types\/page"}],"author":[{"embeddable":true,"href":"https:\/\/bennowest.de\/index.php?rest_route=\/wp\/v2\/users\/1"}],"replies":[{"embeddable":true,"href":"https:\/\/bennowest.de\/index.php?rest_route=%2Fwp%2Fv2%2Fcomments&post=262"}],"version-history":[{"count":9,"href":"https:\/\/bennowest.de\/index.php?rest_route=\/wp\/v2\/pages\/262\/revisions"}],"predecessor-version":[{"id":274,"href":"https:\/\/bennowest.de\/index.php?rest_route=\/wp\/v2\/pages\/262\/revisions\/274"}],"up":[{"embeddable":true,"href":"https:\/\/bennowest.de\/index.php?rest_route=\/wp\/v2\/pages\/14"}],"wp:attachment":[{"href":"https:\/\/bennowest.de\/index.php?rest_route=%2Fwp%2Fv2%2Fmedia&parent=262"}],"curies":[{"name":"wp","href":"https:\/\/api.w.org\/{rel}","templated":true}]}}