{"id":26,"date":"2026-02-08T11:18:13","date_gmt":"2026-02-08T11:18:13","guid":{"rendered":"https:\/\/bennowest.de\/?page_id=26"},"modified":"2026-02-08T12:06:34","modified_gmt":"2026-02-08T12:06:34","slug":"ueber-mich","status":"publish","type":"page","link":"https:\/\/bennowest.de\/?page_id=26","title":{"rendered":"\u00dcber mich"},"content":{"rendered":"\r\n<p>Mein Name ist Bernd Ostlender. Ich lebe mit meiner Familie in Stolberg und bewege mich seit vielen Jahren beruflich wie privat an der Schnittstelle von Verantwortung, Organisation und Beziehungsarbeit. <img loading=\"lazy\" decoding=\"async\" class=\"alignright wp-image-47 size-medium\" src=\"https:\/\/bennowest.de\/wp-content\/uploads\/2026\/02\/Astronaut_Ben-224x300.jpeg\" alt=\"\" width=\"224\" height=\"300\" srcset=\"https:\/\/bennowest.de\/wp-content\/uploads\/2026\/02\/Astronaut_Ben-224x300.jpeg 224w, https:\/\/bennowest.de\/wp-content\/uploads\/2026\/02\/Astronaut_Ben-765x1024.jpeg 765w, https:\/\/bennowest.de\/wp-content\/uploads\/2026\/02\/Astronaut_Ben-768x1029.jpeg 768w, https:\/\/bennowest.de\/wp-content\/uploads\/2026\/02\/Astronaut_Ben-1147x1536.jpeg 1147w, https:\/\/bennowest.de\/wp-content\/uploads\/2026\/02\/Astronaut_Ben.jpeg 1529w\" sizes=\"auto, (max-width: 224px) 100vw, 224px\" \/><\/p>\r\n\r\n\r\n\r\n<p>Nach einer kaufm\u00e4nnischen Ausbildung und langj\u00e4hriger T\u00e4tigkeit im Bereich Spedition und Logistik, habe ich meinen beruflichen Schwerpunkt zunehmend in den sozialen Bereich verlagert. Seit 2023 arbeite ich vollzeit im Kontext der Hilfen zur Erziehung. Erg\u00e4nzend habe ich mich unter anderem zur FASD-Fachkraft sowie zum Verfahrensbeistand weiterqualifiziert. Aktuell studiere ich Soziale Arbeit an der FOM.<\/p>\r\n\r\n\r\n\r\n<p>Ich bin verheiratet, Vater von vier leiblichen Kindern und Pflegevater von drei Pflegekindern. Das Leben in einer Pflegefamilie pr\u00e4gt meinen Blick auf Familie, Verantwortung und Zusammenarbeit nachhaltig. Besonders wichtig ist mir dabei ein offener, respektvoller und verl\u00e4sslicher Kontakt zu den leiblichen Eltern unserer Pflegekinder. Dieser Austausch ist f\u00fcr mich ein zentraler Bestandteil gelingender Pflegeverh\u00e4ltnisse.<\/p>\r\n\r\n\r\n\r\n<p>Neben meiner beruflichen T\u00e4tigkeit engagiere ich mich seit vielen Jahren ehrenamtlich. Unter anderem bin ich Vorsitzender des PFAD West e.V. sowie Schriftf\u00fchrer im Bundesvorstand des PFAD Bundesverbandes. Ein Schwerpunkt meines Engagements liegt in der Organisation und Durchf\u00fchrung von Fortbildungen f\u00fcr Pflege- und Adoptiveltern, insbesondere mit Blick auf FASD. Dar\u00fcber hinaus bin ich in schulischen Gremien aktiv und unterst\u00fctze Selbsthilfe- und Elternstrukturen.<\/p>\r\n\r\n\r\n\r\n<p>Mein Weg ist gepr\u00e4gt von dem Anspruch, unterschiedliche Perspektiven zusammenzudenken und tragf\u00e4hige Beziehungen zu f\u00f6rdern. Offenheit, Dialog und gegenseitiger Respekt sind dabei Leitlinien, die mich sowohl beruflich als auch privat begleiten.<\/p>\r\n","protected":false},"excerpt":{"rendered":"<p>Mein Name ist Bernd Ostlender. Ich lebe mit meiner Familie in Stolberg und bewege mich seit vielen Jahren beruflich wie [&hellip;]<\/p>\n","protected":false},"author":1,"featured_media":0,"parent":0,"menu_order":0,"comment_status":"closed","ping_status":"closed","template":"","meta":{"site-sidebar-layout":"default","site-content-layout":"","ast-site-content-layout":"default","site-content-style":"default","site-sidebar-style":"default","ast-global-header-display":"","ast-banner-title-visibility":"","ast-main-header-display":"","ast-hfb-above-header-display":"","ast-hfb-below-header-display":"","ast-hfb-mobile-header-display":"","site-post-title":"","ast-breadcrumbs-content":"","ast-featured-img":"","footer-sml-layout":"","ast-disable-related-posts":"","theme-transparent-header-meta":"default","adv-header-id-meta":"","stick-header-meta":"","header-above-stick-meta":"","header-main-stick-meta":"","header-below-stick-meta":"","astra-migrate-meta-layouts":"set","ast-page-background-enabled":"default","ast-page-background-meta":{"desktop":{"background-color":"var(--ast-global-color-5)","background-image":"","background-repeat":"repeat","background-position":"center center","background-size":"auto","background-attachment":"scroll","background-type":"","background-media":"","overlay-type":"","overlay-color":"","overlay-opacity":"","overlay-gradient":""},"tablet":{"background-color":"","background-image":"","background-repeat":"repeat","background-position":"center center","background-size":"auto","background-attachment":"scroll","background-type":"","background-media":"","overlay-type":"","overlay-color":"","overlay-opacity":"","overlay-gradient":""},"mobile":{"background-color":"","background-image":"","background-repeat":"repeat","background-position":"center center","background-size":"auto","background-attachment":"scroll","background-type":"","background-media":"","overlay-type":"","overlay-color":"","overlay-opacity":"","overlay-gradient":""}},"ast-content-background-meta":{"desktop":{"background-color":"var(--ast-global-color-4)","background-image":"","background-repeat":"repeat","background-position":"center center","background-size":"auto","background-attachment":"scroll","background-type":"","background-media":"","overlay-type":"","overlay-color":"","overlay-opacity":"","overlay-gradient":""},"tablet":{"background-color":"var(--ast-global-color-4)","background-image":"","background-repeat":"repeat","background-position":"center center","background-size":"auto","background-attachment":"scroll","background-type":"","background-media":"","overlay-type":"","overlay-color":"","overlay-opacity":"","overlay-gradient":""},"mobile":{"background-color":"var(--ast-global-color-4)","background-image":"","background-repeat":"repeat","background-position":"center center","background-size":"auto","background-attachment":"scroll","background-type":"","background-media":"","overlay-type":"","overlay-color":"","overlay-opacity":"","overlay-gradient":""}},"footnotes":""},"class_list":["post-26","page","type-page","status-publish","hentry"],"_links":{"self":[{"href":"https:\/\/bennowest.de\/index.php?rest_route=\/wp\/v2\/pages\/26","targetHints":{"allow":["GET"]}}],"collection":[{"href":"https:\/\/bennowest.de\/index.php?rest_route=\/wp\/v2\/pages"}],"about":[{"href":"https:\/\/bennowest.de\/index.php?rest_route=\/wp\/v2\/types\/page"}],"author":[{"embeddable":true,"href":"https:\/\/bennowest.de\/index.php?rest_route=\/wp\/v2\/users\/1"}],"replies":[{"embeddable":true,"href":"https:\/\/bennowest.de\/index.php?rest_route=%2Fwp%2Fv2%2Fcomments&post=26"}],"version-history":[{"count":3,"href":"https:\/\/bennowest.de\/index.php?rest_route=\/wp\/v2\/pages\/26\/revisions"}],"predecessor-version":[{"id":48,"href":"https:\/\/bennowest.de\/index.php?rest_route=\/wp\/v2\/pages\/26\/revisions\/48"}],"wp:attachment":[{"href":"https:\/\/bennowest.de\/index.php?rest_route=%2Fwp%2Fv2%2Fmedia&parent=26"}],"curies":[{"name":"wp","href":"https:\/\/api.w.org\/{rel}","templated":true}]}}