{"id":252,"date":"2026-02-12T08:00:51","date_gmt":"2026-02-12T08:00:51","guid":{"rendered":"https:\/\/bennowest.de\/?page_id=252"},"modified":"2026-02-12T08:00:51","modified_gmt":"2026-02-12T08:00:51","slug":"foer-immer-koelle-2","status":"publish","type":"page","link":"https:\/\/bennowest.de\/?page_id=252","title":{"rendered":"F\u00f6r immer K\u00f6lle"},"content":{"rendered":"<p data-start=\"1726\" data-end=\"1932\">Diese Hymne ist Liebeserkl\u00e4rung und Bekenntnis zugleich. Dialekt, Emotion und Stadionatmosph\u00e4re pr\u00e4gen den Song. Es geht um Treue durch Auf- und Abstiege, um den Dom im Blick und das Herz in Rot und Wei\u00df.<\/p>\n<p data-start=\"1934\" data-end=\"2010\">Hier z\u00e4hlt Loyalit\u00e4t mehr als Tabellenplatz. F\u00f6r immer hei\u00dft eben f\u00f6r immer.<\/p>\n<hr data-start=\"784\" data-end=\"787\" \/>\n<h3 data-start=\"789\" data-end=\"806\">Jetzt anh\u00f6ren auf:<\/h3>\n<p data-start=\"808\" data-end=\"843\"><a href=\"https:\/\/open.spotify.com\/intl-de\/track\/36zUsJqVmhrBdMc6Aq92ll?si=9d6ade06eafb4788\">Spotify<\/a><\/p>\n<p data-start=\"808\" data-end=\"843\"><a href=\"https:\/\/music.apple.com\/us\/album\/f%C3%B6r-immer-k%C3%B6lle-single\/1839733291\">Apple Music<\/a><\/p>\n<p data-start=\"808\" data-end=\"843\"><a href=\"https:\/\/music.amazon.de\/albums\/B0FR34FG5D?marketplaceId=A1PA6795UKMFR9&amp;musicTerritory=DE&amp;ref=dm_sh_LQIJ03eaqB3wdlgfZ89tdh3Cz\">Amazon Music<\/a><\/p>\n<p data-start=\"808\" data-end=\"843\"><a href=\"https:\/\/youtu.be\/2t1kbo2eHSc?si=mGbRxVfA1Fr2fOlO\">YouTube<\/a><\/p>\n<p><iframe loading=\"lazy\" title=\"YouTube video player\" src=\"https:\/\/www.youtube.com\/embed\/2t1kbo2eHSc?si=mGbRxVfA1Fr2fOlO\" width=\"560\" height=\"315\" frameborder=\"0\" allowfullscreen=\"allowfullscreen\"><\/iframe><\/p>\n<hr \/>\n<blockquote>\n<p data-start=\"926\" data-end=\"960\">Der Text zum Song:<\/p>\n<p>Mer jon met dir durch jede Zick,<br \/>\nob Sonnenschein, ob Sturm un Jl\u00f6ck.<br \/>\nDing H\u00e4tz schleiht he in rot un wie\u00df,<br \/>\nming Stadt, ming Club \u2013 ming Paradies.<\/p>\n<p>Jede Stro\u00df, jede Eck,<br \/>\ntr\u00e4gt ding Name met Respekt.<br \/>\nOb janz ov klein, ob jung, ob alt,<br \/>\nK\u00f6lle bliev uns immer halt.<\/p>\n<p>F\u00f6r immer K\u00f6lle, nur do bess ming Verein,<br \/>\nmer stonn zesamme, mer well nur bei dir sin.<br \/>\nEn d\u00e4mm Jef\u00f6hl, do bess ming Jl\u00f6ck,<\/p>\n<p>erster FC K\u00f6lle \u2013 ming H\u00e4tz jeiht v\u00fc\u00fcr, St\u00fcck f\u00f6r St\u00fcck.<\/p>\n<p>Im Stadion, d\u00e4 Dom so nah,<br \/>\ndie Lichter brenne, d\u00e4 Jubel da.<br \/>\nOb Aufstieg, Abstieg, et es ejal,<br \/>\nmer singen f\u00f6r dich, mer sin loyal.<\/p>\n<p>Jede Jeschicht, jeder Traum,<br \/>\nf\u00e4ngt met dir an, h\u00e4t hier sing Raum.<br \/>\nUn wann et och ens schwerer jeiht,<br \/>\nmer stonn, bis nix mieh steiht.<\/p>\n<p>F\u00f6r immer K\u00f6lle, nur do bess ming Verein,<br \/>\nmer stonn zesamme, mer well nur bei dir sin.<br \/>\nEn d\u00e4mm Jef\u00f6hl, do bess ming Jl\u00f6ck,<\/p>\n<p>erster FC K\u00f6lle \u2013 ming H\u00e4tz jeiht v\u00fc\u00fcr, St\u00fcck f\u00f6r St\u00fcck.<\/p>\n<p>K\u00f6lle, ming Stadt, do bess Heimat f\u00f6r mich,<br \/>\nmer jonn niemals vun d\u00e4mm W\u00e4\u00e4ch.<br \/>\nWenn d\u00e4 Ball rollt, wenn d\u00e4 Dom singt,<br \/>\nuns\u2019re Liebe nie verj\u00e4ht.<\/p>\n<p>F\u00f6r immer K\u00f6lle, nur do bess ming Verein,<br \/>\nmer stonn zesamme, mer well nur bei dir sin.<br \/>\nEn d\u00e4mm Jef\u00f6hl, do bess ming Jl\u00f6ck,<\/p>\n<p>erster FC K\u00f6lle \u2013 ming H\u00e4tz jeiht v\u00fc\u00fcr, St\u00fcck f\u00f6r St\u00fcck.<br \/>\nHeja FC! Heja FC! F\u00f6r immer nur FC!<\/p><\/blockquote>\n","protected":false},"excerpt":{"rendered":"<p>Diese Hymne ist Liebeserkl\u00e4rung und Bekenntnis zugleich. Dialekt, Emotion und Stadionatmosph\u00e4re pr\u00e4gen den Song. Es geht um Treue durch Auf- [&hellip;]<\/p>\n","protected":false},"author":1,"featured_media":0,"parent":238,"menu_order":0,"comment_status":"closed","ping_status":"closed","template":"","meta":{"site-sidebar-layout":"no-sidebar","site-content-layout":"","ast-site-content-layout":"default","site-content-style":"default","site-sidebar-style":"boxed","ast-global-header-display":"","ast-banner-title-visibility":"","ast-main-header-display":"","ast-hfb-above-header-display":"","ast-hfb-below-header-display":"","ast-hfb-mobile-header-display":"","site-post-title":"","ast-breadcrumbs-content":"","ast-featured-img":"","footer-sml-layout":"","ast-disable-related-posts":"","theme-transparent-header-meta":"default","adv-header-id-meta":"","stick-header-meta":"","header-above-stick-meta":"","header-main-stick-meta":"","header-below-stick-meta":"","astra-migrate-meta-layouts":"set","ast-page-background-enabled":"default","ast-page-background-meta":{"desktop":{"background-color":"var(--ast-global-color-5)","background-image":"","background-repeat":"repeat","background-position":"center center","background-size":"auto","background-attachment":"scroll","background-type":"","background-media":"","overlay-type":"","overlay-color":"","overlay-opacity":"","overlay-gradient":""},"tablet":{"background-color":"","background-image":"","background-repeat":"repeat","background-position":"center center","background-size":"auto","background-attachment":"scroll","background-type":"","background-media":"","overlay-type":"","overlay-color":"","overlay-opacity":"","overlay-gradient":""},"mobile":{"background-color":"","background-image":"","background-repeat":"repeat","background-position":"center center","background-size":"auto","background-attachment":"scroll","background-type":"","background-media":"","overlay-type":"","overlay-color":"","overlay-opacity":"","overlay-gradient":""}},"ast-content-background-meta":{"desktop":{"background-color":"var(--ast-global-color-4)","background-image":"","background-repeat":"repeat","background-position":"center center","background-size":"auto","background-attachment":"scroll","background-type":"","background-media":"","overlay-type":"","overlay-color":"","overlay-opacity":"","overlay-gradient":""},"tablet":{"background-color":"var(--ast-global-color-4)","background-image":"","background-repeat":"repeat","background-position":"center center","background-size":"auto","background-attachment":"scroll","background-type":"","background-media":"","overlay-type":"","overlay-color":"","overlay-opacity":"","overlay-gradient":""},"mobile":{"background-color":"var(--ast-global-color-4)","background-image":"","background-repeat":"repeat","background-position":"center center","background-size":"auto","background-attachment":"scroll","background-type":"","background-media":"","overlay-type":"","overlay-color":"","overlay-opacity":"","overlay-gradient":""}},"footnotes":""},"class_list":["post-252","page","type-page","status-publish","hentry"],"_links":{"self":[{"href":"https:\/\/bennowest.de\/index.php?rest_route=\/wp\/v2\/pages\/252","targetHints":{"allow":["GET"]}}],"collection":[{"href":"https:\/\/bennowest.de\/index.php?rest_route=\/wp\/v2\/pages"}],"about":[{"href":"https:\/\/bennowest.de\/index.php?rest_route=\/wp\/v2\/types\/page"}],"author":[{"embeddable":true,"href":"https:\/\/bennowest.de\/index.php?rest_route=\/wp\/v2\/users\/1"}],"replies":[{"embeddable":true,"href":"https:\/\/bennowest.de\/index.php?rest_route=%2Fwp%2Fv2%2Fcomments&post=252"}],"version-history":[{"count":1,"href":"https:\/\/bennowest.de\/index.php?rest_route=\/wp\/v2\/pages\/252\/revisions"}],"predecessor-version":[{"id":253,"href":"https:\/\/bennowest.de\/index.php?rest_route=\/wp\/v2\/pages\/252\/revisions\/253"}],"up":[{"embeddable":true,"href":"https:\/\/bennowest.de\/index.php?rest_route=\/wp\/v2\/pages\/238"}],"wp:attachment":[{"href":"https:\/\/bennowest.de\/index.php?rest_route=%2Fwp%2Fv2%2Fmedia&parent=252"}],"curies":[{"name":"wp","href":"https:\/\/api.w.org\/{rel}","templated":true}]}}