{"id":238,"date":"2026-02-12T07:40:32","date_gmt":"2026-02-12T07:40:32","guid":{"rendered":"https:\/\/bennowest.de\/?page_id=238"},"modified":"2026-02-12T07:42:18","modified_gmt":"2026-02-12T07:42:18","slug":"sporthymnen","status":"publish","type":"page","link":"https:\/\/bennowest.de\/?page_id=238","title":{"rendered":"Sporthymnen"},"content":{"rendered":"\r\n\r\n\r\n<h3 data-start=\"177\" data-end=\"210\">Emotion. Zusammenhalt. G\u00e4nsehaut.<\/h3>\r\n<p>&nbsp;<\/p>\r\n<p><img loading=\"lazy\" decoding=\"async\" class=\"alignright size-medium wp-image-240\" src=\"https:\/\/bennowest.de\/wp-content\/uploads\/2026\/02\/Stolberger-SV-100-Jahre-Herzblut-300x300.jpg\" alt=\"\" width=\"300\" height=\"300\" srcset=\"https:\/\/bennowest.de\/wp-content\/uploads\/2026\/02\/Stolberger-SV-100-Jahre-Herzblut-300x300.jpg 300w, https:\/\/bennowest.de\/wp-content\/uploads\/2026\/02\/Stolberger-SV-100-Jahre-Herzblut-1024x1024.jpg 1024w, https:\/\/bennowest.de\/wp-content\/uploads\/2026\/02\/Stolberger-SV-100-Jahre-Herzblut-150x150.jpg 150w, https:\/\/bennowest.de\/wp-content\/uploads\/2026\/02\/Stolberger-SV-100-Jahre-Herzblut-768x768.jpg 768w, https:\/\/bennowest.de\/wp-content\/uploads\/2026\/02\/Stolberger-SV-100-Jahre-Herzblut-1536x1536.jpg 1536w, https:\/\/bennowest.de\/wp-content\/uploads\/2026\/02\/Stolberger-SV-100-Jahre-Herzblut.jpg 1600w\" sizes=\"auto, (max-width: 300px) 100vw, 300px\" \/><\/p>\r\n<p><img loading=\"lazy\" decoding=\"async\" class=\"size-medium wp-image-239 alignleft\" src=\"https:\/\/bennowest.de\/wp-content\/uploads\/2026\/02\/Foer-Immer-Koelle-300x300.jpeg\" alt=\"\" width=\"300\" height=\"300\" srcset=\"https:\/\/bennowest.de\/wp-content\/uploads\/2026\/02\/Foer-Immer-Koelle-300x300.jpeg 300w, https:\/\/bennowest.de\/wp-content\/uploads\/2026\/02\/Foer-Immer-Koelle-1024x1024.jpeg 1024w, https:\/\/bennowest.de\/wp-content\/uploads\/2026\/02\/Foer-Immer-Koelle-150x150.jpeg 150w, https:\/\/bennowest.de\/wp-content\/uploads\/2026\/02\/Foer-Immer-Koelle-768x768.jpeg 768w, https:\/\/bennowest.de\/wp-content\/uploads\/2026\/02\/Foer-Immer-Koelle-1536x1536.jpeg 1536w, https:\/\/bennowest.de\/wp-content\/uploads\/2026\/02\/Foer-Immer-Koelle.jpeg 1600w\" sizes=\"auto, (max-width: 300px) 100vw, 300px\" \/><\/p>\r\n<p style=\"text-align: center;\" data-start=\"212\" data-end=\"428\">Sport ist mehr als Ergebnis und Tabelle. Sport ist Identit\u00e4t, Gemeinschaft, Geschichte. In<span style=\"font-size: 16px;\">\u00a0meinen Sporthymnen geht es nicht nur um Siege, sondern um Haltung, Loyalit\u00e4t und das Gef\u00fchl, Teil von etwas Gr\u00f6\u00dferem zu sein.<\/span><\/p>\r\n<p style=\"text-align: center;\" data-start=\"430\" data-end=\"647\">Diese Songs sind f\u00fcr Trib\u00fcnen, Hallen und Stadien geschrieben. F\u00fcr Fans, die stehen bleiben, wenn es schwierig wird. F\u00fcr Teams, die f\u00fcreinander k\u00e4mpfen. Und f\u00fcr Vereine, die weit mehr sind als ein Logo auf dem Trikot.<\/p>\r\n<p data-start=\"430\" data-end=\"647\"><img loading=\"lazy\" decoding=\"async\" class=\"size-medium wp-image-241 aligncenter\" src=\"https:\/\/bennowest.de\/wp-content\/uploads\/2026\/02\/Rhein-Fire-\u2013-Flamme-fuer-alle-Zeit-300x300.jpg\" alt=\"\" width=\"300\" height=\"300\" srcset=\"https:\/\/bennowest.de\/wp-content\/uploads\/2026\/02\/Rhein-Fire-\u2013-Flamme-fuer-alle-Zeit-300x300.jpg 300w, https:\/\/bennowest.de\/wp-content\/uploads\/2026\/02\/Rhein-Fire-\u2013-Flamme-fuer-alle-Zeit-1024x1024.jpg 1024w, https:\/\/bennowest.de\/wp-content\/uploads\/2026\/02\/Rhein-Fire-\u2013-Flamme-fuer-alle-Zeit-150x150.jpg 150w, https:\/\/bennowest.de\/wp-content\/uploads\/2026\/02\/Rhein-Fire-\u2013-Flamme-fuer-alle-Zeit-768x768.jpg 768w, https:\/\/bennowest.de\/wp-content\/uploads\/2026\/02\/Rhein-Fire-\u2013-Flamme-fuer-alle-Zeit-1536x1536.jpg 1536w, https:\/\/bennowest.de\/wp-content\/uploads\/2026\/02\/Rhein-Fire-\u2013-Flamme-fuer-alle-Zeit.jpg 1600w\" sizes=\"auto, (max-width: 300px) 100vw, 300px\" \/><\/p>\r\n","protected":false},"excerpt":{"rendered":"<p>Emotion. Zusammenhalt. G\u00e4nsehaut. &nbsp; Sport ist mehr als Ergebnis und Tabelle. Sport ist Identit\u00e4t, Gemeinschaft, Geschichte. In\u00a0meinen Sporthymnen geht es [&hellip;]<\/p>\n","protected":false},"author":1,"featured_media":0,"parent":14,"menu_order":0,"comment_status":"closed","ping_status":"closed","template":"","meta":{"site-sidebar-layout":"default","site-content-layout":"","ast-site-content-layout":"default","site-content-style":"default","site-sidebar-style":"default","ast-global-header-display":"","ast-banner-title-visibility":"","ast-main-header-display":"","ast-hfb-above-header-display":"","ast-hfb-below-header-display":"","ast-hfb-mobile-header-display":"","site-post-title":"","ast-breadcrumbs-content":"","ast-featured-img":"","footer-sml-layout":"","ast-disable-related-posts":"","theme-transparent-header-meta":"default","adv-header-id-meta":"","stick-header-meta":"","header-above-stick-meta":"","header-main-stick-meta":"","header-below-stick-meta":"","astra-migrate-meta-layouts":"set","ast-page-background-enabled":"default","ast-page-background-meta":{"desktop":{"background-color":"var(--ast-global-color-5)","background-image":"","background-repeat":"repeat","background-position":"center center","background-size":"auto","background-attachment":"scroll","background-type":"","background-media":"","overlay-type":"","overlay-color":"","overlay-opacity":"","overlay-gradient":""},"tablet":{"background-color":"","background-image":"","background-repeat":"repeat","background-position":"center center","background-size":"auto","background-attachment":"scroll","background-type":"","background-media":"","overlay-type":"","overlay-color":"","overlay-opacity":"","overlay-gradient":""},"mobile":{"background-color":"","background-image":"","background-repeat":"repeat","background-position":"center center","background-size":"auto","background-attachment":"scroll","background-type":"","background-media":"","overlay-type":"","overlay-color":"","overlay-opacity":"","overlay-gradient":""}},"ast-content-background-meta":{"desktop":{"background-color":"var(--ast-global-color-4)","background-image":"","background-repeat":"repeat","background-position":"center center","background-size":"auto","background-attachment":"scroll","background-type":"","background-media":"","overlay-type":"","overlay-color":"","overlay-opacity":"","overlay-gradient":""},"tablet":{"background-color":"var(--ast-global-color-4)","background-image":"","background-repeat":"repeat","background-position":"center center","background-size":"auto","background-attachment":"scroll","background-type":"","background-media":"","overlay-type":"","overlay-color":"","overlay-opacity":"","overlay-gradient":""},"mobile":{"background-color":"var(--ast-global-color-4)","background-image":"","background-repeat":"repeat","background-position":"center center","background-size":"auto","background-attachment":"scroll","background-type":"","background-media":"","overlay-type":"","overlay-color":"","overlay-opacity":"","overlay-gradient":""}},"footnotes":""},"class_list":["post-238","page","type-page","status-publish","hentry"],"_links":{"self":[{"href":"https:\/\/bennowest.de\/index.php?rest_route=\/wp\/v2\/pages\/238","targetHints":{"allow":["GET"]}}],"collection":[{"href":"https:\/\/bennowest.de\/index.php?rest_route=\/wp\/v2\/pages"}],"about":[{"href":"https:\/\/bennowest.de\/index.php?rest_route=\/wp\/v2\/types\/page"}],"author":[{"embeddable":true,"href":"https:\/\/bennowest.de\/index.php?rest_route=\/wp\/v2\/users\/1"}],"replies":[{"embeddable":true,"href":"https:\/\/bennowest.de\/index.php?rest_route=%2Fwp%2Fv2%2Fcomments&post=238"}],"version-history":[{"count":2,"href":"https:\/\/bennowest.de\/index.php?rest_route=\/wp\/v2\/pages\/238\/revisions"}],"predecessor-version":[{"id":244,"href":"https:\/\/bennowest.de\/index.php?rest_route=\/wp\/v2\/pages\/238\/revisions\/244"}],"up":[{"embeddable":true,"href":"https:\/\/bennowest.de\/index.php?rest_route=\/wp\/v2\/pages\/14"}],"wp:attachment":[{"href":"https:\/\/bennowest.de\/index.php?rest_route=%2Fwp%2Fv2%2Fmedia&parent=238"}],"curies":[{"name":"wp","href":"https:\/\/api.w.org\/{rel}","templated":true}]}}