{"id":14,"date":"2026-02-08T10:49:18","date_gmt":"2026-02-08T10:49:18","guid":{"rendered":"https:\/\/bennowest.de\/?page_id=14"},"modified":"2026-02-08T11:11:48","modified_gmt":"2026-02-08T11:11:48","slug":"titel","status":"publish","type":"page","link":"https:\/\/bennowest.de\/?page_id=14","title":{"rendered":"Musik und Ver\u00f6ffentlichungen"},"content":{"rendered":"\n<p>Auf dieser Seite findest du eine \u00dcbersicht meiner ver\u00f6ffentlichten Songs und Alben.<\/p>\n\n\n\n<p>Die St\u00fccke entstehen aus pers\u00f6nlichen Erfahrungen, aus Gespr\u00e4chen und aus dem Austausch mit anderen. Viele Titel greifen Themen wie FASD, Pflege und Adoption, Familie und Zugeh\u00f6rigkeit auf. Andere Songs erz\u00e4hlen von Gedanken, Momenten und Fragen, die mich unabh\u00e4ngig davon besch\u00e4ftigen.<\/p>\n\n\n\n<p>Nicht jede Geschichte ist auf jede Situation \u00fcbertragbar. Die Musik versteht sich nicht als Erkl\u00e4rung oder Bewertung, sondern als Ausdruck und als Einladung zum Zuh\u00f6ren und Mitf\u00fchlen.<\/p>\n\n\n\n<p>Alle Titel sind Momentaufnahmen. Ehrlich, manchmal unbequem, manchmal leise. Wenn ein Song dich begleitet, ber\u00fchrt oder dir Worte f\u00fcr eigene Gedanken gibt, dann hat er seinen Zweck erf\u00fcllt.<\/p>\n","protected":false},"excerpt":{"rendered":"<p>Auf dieser Seite findest du eine \u00dcbersicht meiner ver\u00f6ffentlichten Songs und Alben. Die St\u00fccke entstehen aus pers\u00f6nlichen Erfahrungen, aus Gespr\u00e4chen [&hellip;]<\/p>\n","protected":false},"author":1,"featured_media":0,"parent":0,"menu_order":0,"comment_status":"closed","ping_status":"closed","template":"","meta":{"site-sidebar-layout":"default","site-content-layout":"","ast-site-content-layout":"default","site-content-style":"default","site-sidebar-style":"default","ast-global-header-display":"","ast-banner-title-visibility":"","ast-main-header-display":"","ast-hfb-above-header-display":"","ast-hfb-below-header-display":"","ast-hfb-mobile-header-display":"","site-post-title":"","ast-breadcrumbs-content":"","ast-featured-img":"","footer-sml-layout":"","ast-disable-related-posts":"","theme-transparent-header-meta":"","adv-header-id-meta":"","stick-header-meta":"","header-above-stick-meta":"","header-main-stick-meta":"","header-below-stick-meta":"","astra-migrate-meta-layouts":"default","ast-page-background-enabled":"default","ast-page-background-meta":{"desktop":{"background-color":"var(--ast-global-color-5)","background-image":"","background-repeat":"repeat","background-position":"center center","background-size":"auto","background-attachment":"scroll","background-type":"","background-media":"","overlay-type":"","overlay-color":"","overlay-opacity":"","overlay-gradient":""},"tablet":{"background-color":"","background-image":"","background-repeat":"repeat","background-position":"center center","background-size":"auto","background-attachment":"scroll","background-type":"","background-media":"","overlay-type":"","overlay-color":"","overlay-opacity":"","overlay-gradient":""},"mobile":{"background-color":"","background-image":"","background-repeat":"repeat","background-position":"center center","background-size":"auto","background-attachment":"scroll","background-type":"","background-media":"","overlay-type":"","overlay-color":"","overlay-opacity":"","overlay-gradient":""}},"ast-content-background-meta":{"desktop":{"background-color":"var(--ast-global-color-4)","background-image":"","background-repeat":"repeat","background-position":"center center","background-size":"auto","background-attachment":"scroll","background-type":"","background-media":"","overlay-type":"","overlay-color":"","overlay-opacity":"","overlay-gradient":""},"tablet":{"background-color":"var(--ast-global-color-4)","background-image":"","background-repeat":"repeat","background-position":"center center","background-size":"auto","background-attachment":"scroll","background-type":"","background-media":"","overlay-type":"","overlay-color":"","overlay-opacity":"","overlay-gradient":""},"mobile":{"background-color":"var(--ast-global-color-4)","background-image":"","background-repeat":"repeat","background-position":"center center","background-size":"auto","background-attachment":"scroll","background-type":"","background-media":"","overlay-type":"","overlay-color":"","overlay-opacity":"","overlay-gradient":""}},"footnotes":""},"class_list":["post-14","page","type-page","status-publish","hentry"],"_links":{"self":[{"href":"https:\/\/bennowest.de\/index.php?rest_route=\/wp\/v2\/pages\/14","targetHints":{"allow":["GET"]}}],"collection":[{"href":"https:\/\/bennowest.de\/index.php?rest_route=\/wp\/v2\/pages"}],"about":[{"href":"https:\/\/bennowest.de\/index.php?rest_route=\/wp\/v2\/types\/page"}],"author":[{"embeddable":true,"href":"https:\/\/bennowest.de\/index.php?rest_route=\/wp\/v2\/users\/1"}],"replies":[{"embeddable":true,"href":"https:\/\/bennowest.de\/index.php?rest_route=%2Fwp%2Fv2%2Fcomments&post=14"}],"version-history":[{"count":2,"href":"https:\/\/bennowest.de\/index.php?rest_route=\/wp\/v2\/pages\/14\/revisions"}],"predecessor-version":[{"id":25,"href":"https:\/\/bennowest.de\/index.php?rest_route=\/wp\/v2\/pages\/14\/revisions\/25"}],"wp:attachment":[{"href":"https:\/\/bennowest.de\/index.php?rest_route=%2Fwp%2Fv2%2Fmedia&parent=14"}],"curies":[{"name":"wp","href":"https:\/\/api.w.org\/{rel}","templated":true}]}}