{"id":111,"date":"2026-02-08T18:21:22","date_gmt":"2026-02-08T18:21:22","guid":{"rendered":"https:\/\/bennowest.de\/?page_id=111"},"modified":"2026-02-08T18:21:22","modified_gmt":"2026-02-08T18:21:22","slug":"ellas-trauer","status":"publish","type":"page","link":"https:\/\/bennowest.de\/?page_id=111","title":{"rendered":"Ellas Trauer"},"content":{"rendered":"\r\n\r\n\r\n<p data-start=\"160\" data-end=\"296\"><strong data-start=\"160\" data-end=\"176\">Ellas Trauer<\/strong> ist ein Lied \u00fcber Abschied von Vorstellungen. \u00dcber eine Trauer, die nicht laut beginnt, sondern leise kommt und bleibt.<\/p>\r\n<p data-start=\"298\" data-end=\"535\">Grundlage f\u00fcr diesen Song war ein Social-Media-Post von <strong data-start=\"354\" data-end=\"369\">Ella H\u00fcbner<\/strong>, in dem sie ihre Gedanken und Gef\u00fchle zu einer Diagnose geteilt hat. Ihre Worte haben den Ausgangspunkt f\u00fcr diesen Text gebildet und dem Lied seine Richtung gegeben.<\/p>\r\n<p><img loading=\"lazy\" decoding=\"async\" class=\"size-medium wp-image-112 alignright\" src=\"https:\/\/bennowest.de\/wp-content\/uploads\/2026\/02\/Ellas-Trauer-300x300.jpg\" alt=\"\" width=\"300\" height=\"300\" srcset=\"https:\/\/bennowest.de\/wp-content\/uploads\/2026\/02\/Ellas-Trauer-300x300.jpg 300w, https:\/\/bennowest.de\/wp-content\/uploads\/2026\/02\/Ellas-Trauer-1024x1024.jpg 1024w, https:\/\/bennowest.de\/wp-content\/uploads\/2026\/02\/Ellas-Trauer-150x150.jpg 150w, https:\/\/bennowest.de\/wp-content\/uploads\/2026\/02\/Ellas-Trauer-768x768.jpg 768w, https:\/\/bennowest.de\/wp-content\/uploads\/2026\/02\/Ellas-Trauer-1536x1536.jpg 1536w, https:\/\/bennowest.de\/wp-content\/uploads\/2026\/02\/Ellas-Trauer.jpg 1600w\" sizes=\"auto, (max-width: 300px) 100vw, 300px\" \/><\/p>\r\n<p data-start=\"537\" data-end=\"877\">Der Song beschreibt den Moment, in dem eine Diagnose nicht nur Antworten bringt, sondern auch Verlust. Nicht den Verlust von Liebe oder N\u00e4he, sondern von Zukunftsbildern, die sich pl\u00f6tzlich ver\u00e4ndern. Es geht um Tr\u00e4nen, f\u00fcr die es oft keinen Raum gibt, und um eine Trauer, die erkl\u00e4rt werden soll, obwohl sie sich nicht rechtfertigen l\u00e4sst.<\/p>\r\n<p data-start=\"879\" data-end=\"1162\">Im Mittelpunkt steht die Ambivalenz zwischen Liebe und Schmerz. Zwischen dem Wissen, dass ein Kind seinen eigenen Weg gehen wird, und dem Gef\u00fchl, dass dieser Weg schwerer ist als erhofft. Die Trauer richtet sich nicht gegen das Leben, sondern gegen das, was anders kommt als gedacht.<\/p>\r\n<p data-start=\"1164\" data-end=\"1325\">Das von Ella H\u00fcbner gezeichnete Bild ziert das Cover dieses Songs und erg\u00e4nzt die Inhalte um eine visuelle Ebene, die das Erlebte auf ihre eigene Weise einf\u00e4ngt.<\/p>\r\n<p data-start=\"1327\" data-end=\"1517\" data-is-last-node=\"\" data-is-only-node=\"\"><strong data-start=\"1327\" data-end=\"1343\">Ellas Trauer<\/strong> ist ein Lied \u00fcber das Recht zu trauern. \u00dcber das Zulassen von Schmerz, ohne die Liebe infrage zu stellen. Und \u00fcber die Erkenntnis, dass beides nebeneinander existieren darf.<\/p>\r\n<p data-start=\"808\" data-end=\"998\" data-is-last-node=\"\" data-is-only-node=\"\">\u00a0<\/p>\r\n<h3 data-start=\"789\" data-end=\"806\">Jetzt anh\u00f6ren auf:<\/h3>\r\n<p data-start=\"808\" data-end=\"843\"><a href=\"https:\/\/open.spotify.com\/intl-de\/track\/2BYCbjEfhkS71kpMcakKTu?si=c26eb5efd66944f1\">Spotify<\/a><\/p>\r\n<p data-start=\"808\" data-end=\"843\"><a href=\"https:\/\/music.apple.com\/us\/album\/ellas-trauer-single\/1838836873\">Apple Music<\/a><\/p>\r\n<p data-start=\"808\" data-end=\"843\"><a href=\"https:\/\/music.amazon.de\/albums\/B0FQG9HSK5?marketplaceId=A1PA6795UKMFR9&amp;musicTerritory=DE&amp;ref=dm_sh_VBvG2R0gFuEI57rahktNlwssB&amp;trackAsin=B0FQG8Y9YG\">Amazon Music<\/a><\/p>\r\n<p data-start=\"808\" data-end=\"843\"><a href=\"https:\/\/youtu.be\/oO3AAyROYNw?si=dwlAItMJiBQObbx6\">YouTube<\/a><\/p>\r\n<p><iframe loading=\"lazy\" title=\"YouTube video player\" src=\"https:\/\/www.youtube.com\/embed\/oO3AAyROYNw?si=6ELXZBPFCdQJXvFc\" width=\"560\" height=\"315\" frameborder=\"0\" allowfullscreen=\"allowfullscreen\"><\/iframe><\/p>\r\n<hr \/>\r\n<blockquote>\r\n<p data-start=\"926\" data-end=\"960\">Der Text zum Song:<\/p>\r\n<p>Die Diagnose kam so still,<br \/>ein Schlag ins Herz, nicht das, was ich will.<br \/>Ich hab geweint, war voller Wut,<br \/>kein Trost, kein Wort tat meiner Seele gut.<\/p>\r\n<p>Und alle sagten: \u201eEs ist doch gleich,<br \/>halt durch, sei stark, du bist doch weich\u2026\u201c<br \/>Doch meine Tr\u00e4nen sind f\u00fcr die Zeit,<br \/>die uns genommen, die nie mehr bleibt.<\/p>\r\n<p>Diese Trauer geht nicht fort,<br \/>tr\u00e4gt mich leise an jeden Ort.<br \/>Mal wie ein Schatten, mal wie ein Schrei,<br \/>manchmal zerrei\u00dft sie mich entzwei.<br \/>Und ich frage tausendmal:<br \/>Warum darf ich nicht weinen?<br \/>Warum soll ich es verneinen?<br \/>Diese Trauer \u2013 bleibt mein Lied.<\/p>\r\n<p>Ich seh die Kinder Hand in Hand,<br \/>sie gehen allein, so unbekannt.<br \/>Ein Stich im Herzen, ein leiser Schmerz,<br \/>die Hoffnung zerspringt wie Glas im Herz.<\/p>\r\n<p>\u201eDu wusstest es doch\u201c \u2013 so klingt die Welt,<br \/>die meine Trauer in Ketten h\u00e4lt.<br \/>Doch ich betrauere nicht das Jetzt,<br \/>sondern die Zukunft, die anders ist als zuletzt.<\/p>\r\n<p>Diese Trauer geht nicht fort,<br \/>tr\u00e4gt mich leise an jeden Ort.<br \/>Mal wie ein Schatten, mal wie ein Schrei,<br \/>manchmal zerrei\u00dft sie mich entzwei.<br \/>Und ich frage tausendmal:<br \/>Warum darf ich nicht weinen?<br \/>Warum soll ich es verneinen?<br \/>Diese Trauer \u2013 bleibt mein Lied.<\/p>\r\n<p>Ich wei\u00df, ihr Weg wird niemals leicht,<br \/>doch meine Liebe bleibt, sie reicht.<br \/>Tr\u00e4ume, die verblassen, St\u00fcck f\u00fcr St\u00fcck,<br \/>doch in den Augen bleibt ihr Gl\u00fcck.<\/p>\r\n<p>Diese Trauer bleibt bei mir,<br \/>wie ein Echo, ein Teil von hier.<br \/>Mal wie ein Schatten, mal wie ein Schrei,<br \/>doch meine Liebe tr\u00e4gt uns frei.<br \/>Und ich sag ein letztes Mal:<br \/>Ja, ich darf auch weinen,<br \/>werd es nie verneinen \u2013<br \/>diese Trauer, sie geh\u00f6rt zu mir.<\/p>\r\n<\/blockquote>\r\n","protected":false},"excerpt":{"rendered":"<p>Ellas Trauer ist ein Lied \u00fcber Abschied von Vorstellungen. \u00dcber eine Trauer, die nicht laut beginnt, sondern leise kommt und [&hellip;]<\/p>\n","protected":false},"author":1,"featured_media":0,"parent":14,"menu_order":0,"comment_status":"closed","ping_status":"closed","template":"","meta":{"site-sidebar-layout":"default","site-content-layout":"","ast-site-content-layout":"default","site-content-style":"default","site-sidebar-style":"default","ast-global-header-display":"","ast-banner-title-visibility":"","ast-main-header-display":"","ast-hfb-above-header-display":"","ast-hfb-below-header-display":"","ast-hfb-mobile-header-display":"","site-post-title":"","ast-breadcrumbs-content":"","ast-featured-img":"","footer-sml-layout":"","ast-disable-related-posts":"","theme-transparent-header-meta":"default","adv-header-id-meta":"","stick-header-meta":"","header-above-stick-meta":"","header-main-stick-meta":"","header-below-stick-meta":"","astra-migrate-meta-layouts":"set","ast-page-background-enabled":"default","ast-page-background-meta":{"desktop":{"background-color":"var(--ast-global-color-5)","background-image":"","background-repeat":"repeat","background-position":"center center","background-size":"auto","background-attachment":"scroll","background-type":"","background-media":"","overlay-type":"","overlay-color":"","overlay-opacity":"","overlay-gradient":""},"tablet":{"background-color":"","background-image":"","background-repeat":"repeat","background-position":"center center","background-size":"auto","background-attachment":"scroll","background-type":"","background-media":"","overlay-type":"","overlay-color":"","overlay-opacity":"","overlay-gradient":""},"mobile":{"background-color":"","background-image":"","background-repeat":"repeat","background-position":"center center","background-size":"auto","background-attachment":"scroll","background-type":"","background-media":"","overlay-type":"","overlay-color":"","overlay-opacity":"","overlay-gradient":""}},"ast-content-background-meta":{"desktop":{"background-color":"var(--ast-global-color-4)","background-image":"","background-repeat":"repeat","background-position":"center center","background-size":"auto","background-attachment":"scroll","background-type":"","background-media":"","overlay-type":"","overlay-color":"","overlay-opacity":"","overlay-gradient":""},"tablet":{"background-color":"var(--ast-global-color-4)","background-image":"","background-repeat":"repeat","background-position":"center center","background-size":"auto","background-attachment":"scroll","background-type":"","background-media":"","overlay-type":"","overlay-color":"","overlay-opacity":"","overlay-gradient":""},"mobile":{"background-color":"var(--ast-global-color-4)","background-image":"","background-repeat":"repeat","background-position":"center center","background-size":"auto","background-attachment":"scroll","background-type":"","background-media":"","overlay-type":"","overlay-color":"","overlay-opacity":"","overlay-gradient":""}},"footnotes":""},"class_list":["post-111","page","type-page","status-publish","hentry"],"_links":{"self":[{"href":"https:\/\/bennowest.de\/index.php?rest_route=\/wp\/v2\/pages\/111","targetHints":{"allow":["GET"]}}],"collection":[{"href":"https:\/\/bennowest.de\/index.php?rest_route=\/wp\/v2\/pages"}],"about":[{"href":"https:\/\/bennowest.de\/index.php?rest_route=\/wp\/v2\/types\/page"}],"author":[{"embeddable":true,"href":"https:\/\/bennowest.de\/index.php?rest_route=\/wp\/v2\/users\/1"}],"replies":[{"embeddable":true,"href":"https:\/\/bennowest.de\/index.php?rest_route=%2Fwp%2Fv2%2Fcomments&post=111"}],"version-history":[{"count":1,"href":"https:\/\/bennowest.de\/index.php?rest_route=\/wp\/v2\/pages\/111\/revisions"}],"predecessor-version":[{"id":113,"href":"https:\/\/bennowest.de\/index.php?rest_route=\/wp\/v2\/pages\/111\/revisions\/113"}],"up":[{"embeddable":true,"href":"https:\/\/bennowest.de\/index.php?rest_route=\/wp\/v2\/pages\/14"}],"wp:attachment":[{"href":"https:\/\/bennowest.de\/index.php?rest_route=%2Fwp%2Fv2%2Fmedia&parent=111"}],"curies":[{"name":"wp","href":"https:\/\/api.w.org\/{rel}","templated":true}]}}